{"id":2662,"date":"2025-07-13T19:57:12","date_gmt":"2025-07-13T19:57:12","guid":{"rendered":"https:\/\/lfconstructionmachinery.com\/?post_type=product&#038;p=2662"},"modified":"2025-07-13T19:57:12","modified_gmt":"2025-07-13T19:57:12","slug":"%d8%ad%d9%81%d8%a7%d8%b1%d8%a9-%d8%b5%d8%ba%d9%8a%d8%b1%d8%a9-ht15","status":"publish","type":"product","link":"https:\/\/lfconstructionmachinery.com\/ar\/product\/mini-excavator-ht15\/","title":{"rendered":"\u062d\u0641\u0627\u0631\u0629 \u0635\u063a\u064a\u0631\u0629 HT15"},"content":{"rendered":"<h3><strong><b>\u0627\u0644\u0645\u0639\u0644\u0645\u0627\u062a \u0627\u0644\u0631\u0626\u064a\u0633\u064a\u0629 \u0644\u0644\u062d\u0641\u0627\u0631\u0629 HT15<\/b><\/strong><\/h3>\n<p><strong><b>\u0627\u0644\u0645\u0648\u062f\u064a\u0644: HT15<\/b><\/strong><\/p>\n<h4><strong><b>1. \u0627\u0644\u0645\u0639\u0644\u0645\u0627\u062a \u0627\u0644\u0623\u0633\u0627\u0633\u064a\u0629<\/b><\/strong><\/h4>\n<ul>\n<li><b><\/b><strong><b>\u0627\u0644\u0648\u0632\u0646 \u0627\u0644\u0625\u062c\u0645\u0627\u0644\u064a<\/b><\/strong>: 1500 \u0643\u062c\u0645<\/li>\n<li><b><\/b><strong><b>\u0627\u0644\u0623\u0628\u0639\u0627\u062f \u0627\u0644\u0643\u0644\u064a\u0629 (\u0627\u0644\u0637\u0648\u0644\u00d7\u0627\u0644\u0639\u0631\u0636\u00d7\u0627\u0644\u0627\u0631\u062a\u0641\u0627\u0639)<\/b><\/strong>:: 2550 \u00d7 940 \u00d7 1380 \u0645\u0645<\/li>\n<li><b><\/b><strong><b>\u0637\u0631\u0627\u0632 \u0627\u0644\u0645\u062d\u0631\u0643<\/b><\/strong>: \u0645\u062d\u0631\u0643 Koop (292F) \/ Kubota D722<\/li>\n<li><b><\/b><strong><b>\u0646\u0648\u0639 \u0627\u0644\u0645\u062d\u0631\u0643<\/b><\/strong>: \u0623\u0633\u0637\u0648\u0627\u0646\u0629 \u0645\u0632\u062f\u0648\u062c\u0629\u060c \u0645\u0628\u0631\u062f\u0629 \u0628\u0627\u0644\u0647\u0648\u0627\u0621<\/li>\n<li><b><\/b><strong><b>\u0627\u0644\u0637\u0627\u0642\u0629 \u0627\u0644\u0645\u0642\u062f\u0631\u0629<\/b><\/strong>: 14 \u0643\u064a\u0644\u0648\u0648\u0627\u0637 \/ 3000 \u062f\u0648\u0631\u0629\/\u062f\u0642\u064a\u0642\u0629<\/li>\n<li><b><\/b><strong><b>\u0627\u0644\u0646\u0632\u0648\u062d<\/b><\/strong>: 0.794 L<\/li>\n<li><b><\/b><strong><b>\u0633\u0631\u0639\u0629 \u0627\u0644\u0633\u0641\u0631<\/b><\/strong>: 3.5 \u0643\u0645\/\u0633\u0627\u0639\u0629<\/li>\n<\/ul>\n<h4><strong><b>2. \u0645\u0639\u0644\u0645\u0627\u062a \u0646\u0637\u0627\u0642 \u0627\u0644\u062a\u0634\u063a\u064a\u0644<\/b><\/strong><\/h4>\n<ul>\n<li><b><\/b><strong><b> \u0639\u0645\u0642 \u0627\u0644\u062d\u0641\u0631<\/b><\/strong>: 1650 \u0645\u0645<\/li>\n<li><b><\/b><strong><b> \u0639\u0645\u0642 \u0627\u0644\u062d\u0641\u0631 \u0627\u0644\u0639\u0645\u0648\u062f\u064a<\/b><\/strong>: 1800 \u0645\u0645<\/li>\n<li><b><\/b><strong><b> \u0627\u0631\u062a\u0641\u0627\u0639 \u0627\u0644\u062d\u0641\u0631<\/b><\/strong>:: 2610 \u0645\u0645<\/li>\n<li><b><\/b><strong><b> \u0627\u0631\u062a\u0641\u0627\u0639 \u0627\u0644\u0625\u063a\u0631\u0627\u0642<\/b><\/strong>: 1850 \u0645\u0645<\/li>\n<li><b><\/b><strong><b> \u0646\u0635\u0641 \u0642\u0637\u0631 \u0627\u0644\u062d\u0641\u0631 \u0639\u0644\u0649 \u0627\u0644\u0623\u0631\u0636<\/b><\/strong>:: 2850 \u0645\u0645<\/li>\n<li><b><\/b><strong><b> \u0646\u0635\u0641 \u0642\u0637\u0631 \u0627\u0644\u062f\u0648\u0631\u0627\u0646<\/b><\/strong>: 1330 \u0645\u0645<\/li>\n<\/ul>\n<h4><strong><b>3. \u0627\u0644\u0628\u0627\u0631\u0627\u0645\u062a\u0631\u0627\u062a \u0627\u0644\u0647\u064a\u0643\u0644\u064a\u0629<\/b><\/strong><\/h4>\n<ul>\n<li><b><\/b><strong><b>\u0633\u0639\u0629\/\u0648\u0632\u0646 \u062f\u0644\u0648 \u0627\u0644\u062d\u0641\u0631<\/b><\/strong>: 0.025 \u0633\u0645 \u0645\u0643\u0639\u0628 \/ 120 \u0643\u062c\u0645<\/li>\n<li><b><\/b><strong><b>\u0639\u0631\u0636 \u0627\u0644\u062f\u0644\u0648<\/b><\/strong>: 380 \u0645\u0645<\/li>\n<li><b><\/b><strong><b>\u0642\u0627\u0639\u062f\u0629 \u0627\u0644\u0639\u062c\u0644\u0627\u062a<\/b><\/strong>:: 770 \u0645\u0645<\/li>\n<li><b><\/b><strong><b>\u0627\u0644\u0637\u0648\u0644 \u0627\u0644\u0625\u062c\u0645\u0627\u0644\u064a \u0644\u0644\u0645\u0633\u0627\u0631<\/b><\/strong>: 1090 \u0645\u0645<\/li>\n<li><b><\/b><strong><b>\u0627\u0644\u062e\u0644\u0648\u0635 \u0627\u0644\u0623\u0631\u0636\u064a \u0644\u0644\u0645\u0646\u0635\u0629<\/b><\/strong>: 380 \u0645\u0645<\/li>\n<li><b><\/b><strong><b>\u0646\u0635\u0641 \u0642\u0637\u0631 \u0627\u0644\u062f\u0648\u0631\u0627\u0646 \u0627\u0644\u062e\u0644\u0641\u064a \u0644\u0644\u0645\u0646\u0635\u0629<\/b><\/strong>:: 733 \u0645\u0645<\/li>\n<li><b><\/b><strong><b>\u0639\u0631\u0636 \u0627\u0644\u0634\u0627\u0633\u064a\u0647<\/b><\/strong>:: 940 \u0645\u0645<\/li>\n<li><b><\/b><strong><b>\u0639\u0631\u0636 \u0627\u0644\u0645\u0633\u0627\u0631<\/b><\/strong>: 180 \u0645\u0645<\/li>\n<li><b><\/b><strong><b>\u0627\u0644\u062e\u0644\u0648\u0635 \u0627\u0644\u0623\u0631\u0636\u064a \u0644\u0644\u0647\u064a\u0643\u0644<\/b><\/strong>: 380 \u0645\u0645<\/li>\n<li><b><\/b><strong><b>\u0627\u0631\u062a\u0641\u0627\u0639 \u0627\u0644\u0645\u0633\u0627\u0631<\/b><\/strong>: 320 \u0645\u0645<\/li>\n<li><b><\/b><strong><b> \u062a\u0631\u0642\u064a\u0629 \u0627\u0631\u062a\u0641\u0627\u0639 \u0634\u0641\u0631\u0629 \u0627\u0644\u062c\u0631\u0627\u0641\u0629<\/b><\/strong>: 345 \u0645\u0645<\/li>\n<li><b><\/b><strong><b> \u0639\u0645\u0642 \u0627\u0644\u062d\u0641\u0631 \u0628\u0634\u0641\u0631\u0629 \u0627\u0644\u062c\u0631\u0627\u0641\u0629<\/b><\/strong>:: 255 \u0645\u0645<\/li>\n<\/ul>\n<p>&nbsp;<\/p>","protected":false},"excerpt":{"rendered":"<p>HT15 Excavator Main Parameters Model: HT15 1. Basic Parameters Overall Weight: 1500kg Overall Dimensions (L\u00d7W\u00d7H): 2550 \u00d7 940 \u00d7 1380 mm Engine Model: Koop Engine (292F)\/Kubota D722 Engine Type: Double cylinder, air-cooled Rated Power: 14 kw \/ 3000 r\/min Displacement: 0.794 L Travel Speed: 3.5 km\/h 2. Operating Range Parameters Digging Depth: 1650 mm Vertical [&hellip;]<\/p>\n","protected":false},"featured_media":2663,"comment_status":"open","ping_status":"closed","template":"","meta":[],"product_brand":[],"product_cat":[33],"product_tag":[],"class_list":{"0":"post-2662","1":"product","2":"type-product","3":"status-publish","4":"has-post-thumbnail","6":"product_cat-excavator","8":"first","9":"instock","10":"shipping-taxable","11":"product-type-simple"},"_links":{"self":[{"href":"https:\/\/lfconstructionmachinery.com\/ar\/wp-json\/wp\/v2\/product\/2662","targetHints":{"allow":["GET"]}}],"collection":[{"href":"https:\/\/lfconstructionmachinery.com\/ar\/wp-json\/wp\/v2\/product"}],"about":[{"href":"https:\/\/lfconstructionmachinery.com\/ar\/wp-json\/wp\/v2\/types\/product"}],"replies":[{"embeddable":true,"href":"https:\/\/lfconstructionmachinery.com\/ar\/wp-json\/wp\/v2\/comments?post=2662"}],"wp:featuredmedia":[{"embeddable":true,"href":"https:\/\/lfconstructionmachinery.com\/ar\/wp-json\/wp\/v2\/media\/2663"}],"wp:attachment":[{"href":"https:\/\/lfconstructionmachinery.com\/ar\/wp-json\/wp\/v2\/media?parent=2662"}],"wp:term":[{"taxonomy":"product_brand","embeddable":true,"href":"https:\/\/lfconstructionmachinery.com\/ar\/wp-json\/wp\/v2\/product_brand?post=2662"},{"taxonomy":"product_cat","embeddable":true,"href":"https:\/\/lfconstructionmachinery.com\/ar\/wp-json\/wp\/v2\/product_cat?post=2662"},{"taxonomy":"product_tag","embeddable":true,"href":"https:\/\/lfconstructionmachinery.com\/ar\/wp-json\/wp\/v2\/product_tag?post=2662"}],"curies":[{"name":"\u062f\u0628\u0644\u064a\u0648 \u0628\u064a","href":"https:\/\/api.w.org\/{rel}","templated":true}]}}